{"id":169,"date":"2020-06-01T00:00:22","date_gmt":"2020-05-31T22:00:22","guid":{"rendered":"http:\/\/192.168.9.29\/Development\/TB\/?page_id=169"},"modified":"2020-07-10T19:42:31","modified_gmt":"2020-07-10T17:42:31","slug":"impressum-disclaimer","status":"publish","type":"page","link":"https:\/\/www.pmp.co.at\/pmp\/ueber-pmp\/impressum-disclaimer\/","title":{"rendered":"Impressum | Datenschutz"},"content":{"rendered":"<div data-colibri-id=\"169-c1\" class=\"style-1518 style-local-169-c1 position-relative\">\r\n  <!---->\r\n  <div data-colibri-component=\"section\" data-colibri-id=\"169-c2\" id=\"custom\" class=\"h-section h-section-global-spacing d-flex align-items-lg-center align-items-md-center align-items-center style-1523 style-local-169-c2 position-relative\">\r\n    <!---->\r\n    <!---->\r\n    <div class=\"h-section-grid-container h-section-boxed-container\">\r\n      <!---->\r\n      <div data-colibri-id=\"169-c3\" class=\"h-row-container gutters-row-lg-2 gutters-row-md-2 gutters-row-0 gutters-row-v-lg-2 gutters-row-v-md-2 gutters-row-v-2 style-1527 style-local-169-c3 position-relative\">\r\n        <!---->\r\n        <div class=\"h-row justify-content-lg-center justify-content-md-center justify-content-center align-items-lg-stretch align-items-md-stretch align-items-stretch gutters-col-lg-2 gutters-col-md-2 gutters-col-0 gutters-col-v-lg-2 gutters-col-v-md-2 gutters-col-v-2\">\r\n          <!---->\r\n          <div class=\"h-column h-column-container d-flex h-col-lg-auto h-col-md-auto h-col-auto style-1528-outer style-local-169-c4-outer\">\r\n            <div data-colibri-id=\"169-c4\" class=\"d-flex h-flex-basis h-column__inner h-px-lg-2 h-px-md-2 h-px-2 v-inner-lg-2 v-inner-md-2 v-inner-2 style-1528 style-local-169-c4 position-relative\">\r\n              <!---->\r\n              <!---->\r\n              <div class=\"w-100 h-y-container h-column__content h-column__v-align flex-basis-100 align-self-lg-start align-self-md-start align-self-start\">\r\n                <!---->\r\n                <div data-colibri-id=\"169-c5\" class=\"h-global-transition-all h-heading style-1529 style-local-169-c5 position-relative h-element\">\r\n                  <!---->\r\n                  <!---->\r\n                  <h2 class=\"\">Impressum<\/h2>\r\n                <\/div>\r\n              <\/div>\r\n            <\/div>\r\n          <\/div>\r\n        <\/div>\r\n      <\/div>\r\n      <div data-colibri-id=\"169-c6\" class=\"h-row-container gutters-row-lg-2 gutters-row-md-2 gutters-row-0 gutters-row-v-lg-2 gutters-row-v-md-2 gutters-row-v-2 style-1524 style-local-169-c6 position-relative\">\r\n        <!---->\r\n        <div class=\"h-row justify-content-lg-center justify-content-md-center justify-content-center align-items-lg-stretch align-items-md-stretch align-items-stretch gutters-col-lg-2 gutters-col-md-2 gutters-col-0 gutters-col-v-lg-2 gutters-col-v-md-2 gutters-col-v-2\">\r\n          <!---->\r\n          <div class=\"h-column h-column-container d-flex h-col-lg-auto h-col-md-auto h-col-auto style-1525-outer style-local-169-c7-outer\">\r\n            <div data-colibri-id=\"169-c7\" class=\"d-flex h-flex-basis h-column__inner h-px-lg-2 h-px-md-2 h-px-2 v-inner-lg-2 v-inner-md-2 v-inner-2 style-1525 style-local-169-c7 position-relative\">\r\n              <!---->\r\n              <!---->\r\n              <div class=\"w-100 h-y-container h-column__content h-column__v-align flex-basis-100 align-self-lg-start align-self-md-start align-self-start\">\r\n                <!---->\r\n                <div data-colibri-id=\"169-c8\" class=\"h-global-transition-all h-heading style-1532 style-local-169-c8 position-relative h-element\">\r\n                  <!---->\r\n                  <!---->\r\n                  <h3 class=\"\">Unternehmensdaten<\/h3>\r\n                <\/div>\r\n                <div data-colibri-id=\"169-c9\" class=\"h-widget-area style-4069 style-local-169-c9 position-relative h-element\">\r\n                  <!---->\r\n                  <div class=\"h-global-transition-all widget-shortcode\"><div id=\"custom_html-6\" class=\"widget_text widget widget_custom_html\"><div class=\"colibri-widget-content-container\"><div class=\"textwidget custom-html-widget\"><table class=\"alignleft\" style=\"width: 0%; height: 801px;\" border=\"0\" cellpadding=\"4\">\r\n<tbody>\r\n<tr style=\"height: 30px;\">\r\n<td style=\"width: 50.2336%; height: 30px;\">Firma:<\/td>\r\n<td style=\"width: 45.0935%; height: 30px;\">Dr. Robert P\u00fcrstinger<\/td>\r\n<\/tr>\r\n<tr style=\"height: 30px;\">\r\n<td style=\"width: 50.2336%; height: 30px;\">Firmenbezeichnung:<\/td>\r\n<td style=\"width: 45.0935%; height: 30px;\">Personal.Management<\/td>\r\n<\/tr>\r\n<tr style=\"height: 30px;\">\r\n<td style=\"width: 50.2336%; height: 30px;\">Unternehmensgegenstand:<\/td>\r\n<td style=\"width: 45.0935%; height: 30px;\">Unternehmensberatung<\/td>\r\n<\/tr>\r\n<tr style=\"height: 30px;\">\r\n<td style=\"width: 50.2336%; height: 30px;\">Stra\u00dfe:<\/td>\r\n<td style=\"width: 45.0935%; height: 30px;\">Schmiedingerstra\u00dfe 87<\/td>\r\n<\/tr>\r\n<tr style=\"height: 30px;\">\r\n<td style=\"width: 50.2336%; height: 30px;\">PLZ\/Ort:<\/td>\r\n<td style=\"width: 45.0935%; height: 30px;\">5020 Salzburg<\/td>\r\n<\/tr>\r\n<tr style=\"height: 30px;\">\r\n<td style=\"width: 50.2336%; height: 30px;\">Telefon:<\/td>\r\n<td style=\"width: 45.0935%; height: 30px;\">+43 662 44 18 66<\/td>\r\n<\/tr>\r\n<tr style=\"height: 30px;\">\r\n<td style=\"width: 50.2336%; height: 30px;\">Fax:<\/td>\r\n<td style=\"width: 45.0935%; height: 30px;\">+43 662 44 18 66<\/td>\r\n<\/tr>\r\n<tr style=\"height: 30px;\">\r\n<td style=\"width: 50.2336%; height: 30px;\">Mobiltelefon:<\/td>\r\n<td style=\"width: 45.0935%; height: 30px;\">+43 664 20 20 498<\/td>\r\n<\/tr>\r\n<tr style=\"height: 30px;\">\r\n<td style=\"width: 50.2336%; height: 30px;\">Homepage:<\/td>\r\n<td style=\"width: 45.0935%; height: 30px;\"><a title=\"www.pmp.co.at\" href=\"http:\/\/www.pmp.co.at\">www.pmp.co.at<\/a><\/td>\r\n<\/tr>\r\n<tr style=\"height: 30px;\">\r\n<td style=\"width: 50.2336%; height: 30px;\">IDN:<\/td>\r\n<td style=\"width: 45.0935%; height: 30px;\"><a title=\"www.p\u00fcrstinger.at\" href=\"http:\/\/www.p\u00fcrstinger.at\">www.p\u00fcrstinger.at<\/a><\/td>\r\n<\/tr>\r\n<tr style=\"height: 30px;\">\r\n<td style=\"width: 50.2336%; height: 30px;\">E-mail:<\/td>\r\n<td style=\"width: 45.0935%; height: 30px;\"><a title=\"office@pmp.co.at\" href=\"mailto:\/\/office@pmp.co.at\">office@pmp.co.at<\/a><\/td>\r\n<\/tr>\r\n<tr style=\"height: 30px;\">\r\n<td style=\"width: 50.2336%; height: 30px;\">IDN:<\/td>\r\n<td style=\"width: 45.0935%; height: 30px;\"><a title=\"office@p\u00fcrstinger.at\" href=\"mailto:\/\/office@p\u00fcrstinger.at\">office@p\u00fcrstinger.at<\/a><\/td>\r\n<\/tr>\r\n<tr style=\"height: 30px;\">\r\n<td style=\"width: 50.2336%; height: 30px;\">UID-Nummer:<\/td>\r\n<td style=\"width: 45.0935%; height: 30px;\">ATU57839655<\/td>\r\n<\/tr>\r\n<tr style=\"height: 51px;\">\r\n<td style=\"width: 50.2336%; height: 51px;\">Beh\u00f6rde gem. ECG:<\/td>\r\n<td style=\"width: 45.0935%; height: 51px;\">Magistrat der Stadt Salzburg<\/td>\r\n<\/tr>\r\n<tr style=\"height: 51px;\">\r\n<td style=\"width: 50.2336%; height: 51px;\">Mitglied der WKS:<\/td>\r\n<td style=\"width: 45.0935%; height: 51px;\">Sparte Information und Consulting<\/td>\r\n<\/tr>\r\n<tr style=\"height: 30px;\">\r\n<td style=\"width: 50.2336%; height: 30px;\">Gewerbeordnung:<\/td>\r\n<td style=\"width: 45.0935%; height: 30px;\"><a title=\"www.ris.bka.gv.at\" href=\"http:\/\/www.ris.bka.gv.at\">www.ris.bka.gv.at<\/a><\/td>\r\n<\/tr>\r\n<tr style=\"height: 279px;\">\r\n<td valign=\"TOP\" style=\"vertical-align: top; width: 50.2336%; height: 279px;\">Online-Streitbeilegung:<\/td>\r\n<td valign=\"TOP\" style=\"width: 45.0935%; height: 279px;\">a) per E-Mail an <a href=\"mailto:office@pmp.co.at\">office@pmp.co.at<\/a>\r\n<p>b) Online-Streitbeilegungs-Plattform der EU <a href=\"http:\/\/ec.europa.eu\/odr.\">http:\/\/ec.europa.eu\/odr.<\/a><\/p>\r\n<\/td>\r\n<\/tr>\r\n<\/tbody>\r\n<\/table><\/div><\/div><\/div><\/div>\r\n                  <div data-colibri-id=\"169-c10\" class=\"position-relative h-element\" style=\"display: none;\">\r\n                    <!---->\r\n                  <\/div>\r\n                  <div data-colibri-id=\"169-c11\" class=\"position-relative h-element\" style=\"display: none;\">\r\n                    <!---->\r\n                  <\/div>\r\n                <\/div>\r\n              <\/div>\r\n            <\/div>\r\n          <\/div>\r\n          <div class=\"h-column h-column-container d-flex h-col-lg-auto h-col-md-auto h-col-auto style-1526-outer style-local-169-c12-outer\">\r\n            <div data-colibri-id=\"169-c12\" class=\"d-flex h-flex-basis h-column__inner h-px-lg-2 h-px-md-2 h-px-2 v-inner-lg-2 v-inner-md-2 v-inner-2 style-1526 style-local-169-c12 position-relative\">\r\n              <!---->\r\n              <!---->\r\n              <div class=\"w-100 h-y-container h-column__content h-column__v-align flex-basis-100 align-self-lg-start align-self-md-start align-self-start\">\r\n                <!---->\r\n                <div data-colibri-id=\"169-c13\" class=\"h-global-transition-all h-heading style-1533 style-local-169-c13 position-relative h-element\">\r\n                  <!---->\r\n                  <!---->\r\n                  <h3 class=\"\">Datenschutz<\/h3>\r\n                <\/div>\r\n                <div data-colibri-id=\"169-c14\" class=\"h-text h-text-component style-1531 style-local-169-c14 position-relative h-element\">\r\n                  <!---->\r\n                  <!---->\r\n                  <div class=\"\">\r\n                    <p>Der Schutz Ihrer pers\u00f6nlichen Daten ist uns ein besonderes Anliegen. Wir verarbeiten Ihre Daten daher ausschlie\u00dflich auf Grundlage der gesetzlichen Bestimmungen (DSGVO, TKG). In diesen Datenschutzinformationen informieren wir Sie \u00fcber\r\n                      die wichtigsten Aspekte der Datenverarbeitung im Rahmen unserer Website.<\/p>\r\n                  <\/div>\r\n                <\/div>\r\n                <div data-colibri-id=\"169-c15\" class=\"h-global-transition-all h-heading style-1590 style-local-169-c15 position-relative h-element\">\r\n                  <!---->\r\n                  <!---->\r\n                  <h3 class=\"\">Kontakt mit uns<\/h3>\r\n                <\/div>\r\n                <div data-colibri-id=\"169-c16\" class=\"h-text h-text-component style-1591 style-local-169-c16 position-relative h-element\">\r\n                  <!---->\r\n                  <!---->\r\n                  <div class=\"\">\r\n                    <p>Die Nutzung unserer Webseite ist in der Regel ohne Angabe personenbezogener Daten m\u00f6glich. Soweit auf unseren Seiten personenbezogene Daten (beispielsweise Name, Anschrift oder E-Mail-Adressen) erhoben werden, erfolgt dies stets auf\r\n                      freiwilliger Basis.<\/p>\r\n                    <p>Wenn Sie per E-Mail Kontakt mit uns aufnehmen, werden Ihre angegebenen Daten zwecks Bearbeitung der Anfrage und f\u00fcr den Fall von Anschlussfragen sechs Monate bei uns gespeichert. Diese Daten werden ohne Ihre ausdr\u00fcckliche Zustimmung\r\n                      nicht an Dritte weitergegeben.<\/p>\r\n                  <\/div>\r\n                <\/div>\r\n                <div data-colibri-id=\"169-c17\" class=\"h-global-transition-all h-heading style-1592 style-local-169-c17 position-relative h-element\">\r\n                  <!---->\r\n                  <!---->\r\n                  <h3 class=\"\">Webanalyse<\/h3>\r\n                <\/div>\r\n                <div data-colibri-id=\"169-c18\" class=\"h-text h-text-component style-1593 style-local-169-c18 position-relative h-element\">\r\n                  <!---->\r\n                  <!---->\r\n                  <div class=\"\">\r\n                    <p>Unsere Website verwendet Funktionen des Webanalysedienstes Google Analytics der Google Ireland Limited, mit Sitz in Dublin\/Irland.<\/p>\r\n                    <p>Dazu werden Cookies verwendet, die eine Analyse der Benutzung der Website durch Ihre Benutzer erm\u00f6glicht. Die dadurch erzeugten Informationen werden auf den Server des Anbieters \u00fcbertragen und dort gespeichert. Der Anbieter betreibt\r\n                      Server auf der ganzen Welt. Somit k\u00f6nnen Ihre Daten auf Servern verarbeitet werden, die au\u00dferhalb Europas im Einsatz sind. Sie k\u00f6nnen dies verhindern, indem Sie Ihren Browser so einrichten, dass keine Cookies gespeichert werden.<\/p>\r\n                    <p>Die Beziehung zum Webanalyseanbieter basiert auf dem Datenschutzrecht der Europ\u00e4ischen Union, den rechtlichen Rahmenbedingunen zur Daten\u00fcbermittlungen des Privacy Shield-Abkommen zwischen der EU und den USA sowie der Datenschutzerkl\u00e4rung\r\n                      des Anbieters.<\/p>\r\n                  <\/div>\r\n                <\/div>\r\n                <div data-colibri-id=\"169-c19\" class=\"h-global-transition-all h-heading style-1594 style-local-169-c19 position-relative h-element\">\r\n                  <!---->\r\n                  <!---->\r\n                  <h3 class=\"\">Ihre Rechte<\/h3>\r\n                <\/div>\r\n                <div data-colibri-id=\"169-c20\" class=\"h-text h-text-component style-1595 style-local-169-c20 position-relative h-element\">\r\n                  <!---->\r\n                  <!---->\r\n                  <div class=\"\">\r\n                    <p>Ihnen stehen bez\u00fcglich Ihrer bei uns gespeicherten Daten&nbsp;grunds\u00e4tzlich die Rechte auf Auskunft, Berichtigung, L\u00f6schung, Einschr\u00e4nkung, Daten\u00fcbertragbarkeit, Widerruf und Widerspruch zu. Wenn Sie glauben, dass die Verarbeitung\r\n                      Ihrer Daten gegen das Datenschutzrecht verst\u00f6\u00dft oder Ihre datenschutzrechtlichen Anspr\u00fcche sonst in einer Weise verletzt worden sind, k\u00f6nnen Sie uns per E-Mail unter office@pmp.co.at oder die Datenschutzbeh\u00f6rde kontaktieren.<\/p>\r\n                  <\/div>\r\n                <\/div>\r\n                <div data-colibri-id=\"169-c21\" class=\"h-global-transition-all h-heading style-1596 style-local-169-c21 position-relative h-element\">\r\n                  <!---->\r\n                  <!---->\r\n                  <h3 class=\"\">Sie erreichen uns unter folgenden Kontaktdaten:<\/h3>\r\n                <\/div>\r\n                <div data-colibri-id=\"169-c22\" class=\"h-text h-text-component style-1597 style-local-169-c22 position-relative h-element\">\r\n                  <!---->\r\n                  <!---->\r\n                  <div class=\"\">\r\n                    <p>Personal.Management Dr. Robert P\u00fcrstinger Schmiedingerstra\u00dfe 87, 5020 Salzburg +43 662 44 18 66\r\n                      <a href=\"mailto:office@pmp.co.at\">office@pmp.co.at<\/a>\r\n                    <\/p>\r\n                  <\/div>\r\n                <\/div>\r\n              <\/div>\r\n            <\/div>\r\n          <\/div>\r\n        <\/div>\r\n      <\/div>\r\n    <\/div>\r\n  <\/div>\r\n<\/div>","protected":false},"excerpt":{"rendered":"<p>Impressum Unternehmensdaten Datenschutz Der Schutz Ihrer pers\u00f6nlichen Daten ist uns ein besonderes Anliegen. Wir verarbeiten Ihre Daten daher ausschlie\u00dflich auf Grundlage der gesetzlichen Bestimmungen (DSGVO, TKG). In diesen Datenschutzinformationen informieren wir Sie \u00fcber die wichtigsten Aspekte der Datenverarbeitung im Rahmen unserer Website. Kontakt mit uns Die Nutzung unserer Webseite ist in der Regel ohne Angabe [&hellip;]<\/p>\n","protected":false},"author":3,"featured_media":0,"parent":2359,"menu_order":97,"comment_status":"closed","ping_status":"closed","template":"page-templates\/full-width-page.php","meta":{"_coblocks_attr":"","_coblocks_dimensions":"","_coblocks_responsive_height":"","_coblocks_accordion_ie_support":"","footnotes":""},"_links":{"self":[{"href":"https:\/\/www.pmp.co.at\/pmp\/wp-json\/wp\/v2\/pages\/169"}],"collection":[{"href":"https:\/\/www.pmp.co.at\/pmp\/wp-json\/wp\/v2\/pages"}],"about":[{"href":"https:\/\/www.pmp.co.at\/pmp\/wp-json\/wp\/v2\/types\/page"}],"author":[{"embeddable":true,"href":"https:\/\/www.pmp.co.at\/pmp\/wp-json\/wp\/v2\/users\/3"}],"replies":[{"embeddable":true,"href":"https:\/\/www.pmp.co.at\/pmp\/wp-json\/wp\/v2\/comments?post=169"}],"version-history":[{"count":0,"href":"https:\/\/www.pmp.co.at\/pmp\/wp-json\/wp\/v2\/pages\/169\/revisions"}],"up":[{"embeddable":true,"href":"https:\/\/www.pmp.co.at\/pmp\/wp-json\/wp\/v2\/pages\/2359"}],"wp:attachment":[{"href":"https:\/\/www.pmp.co.at\/pmp\/wp-json\/wp\/v2\/media?parent=169"}],"curies":[{"name":"wp","href":"https:\/\/api.w.org\/{rel}","templated":true}]}}