{"id":3412,"date":"2020-06-09T00:00:44","date_gmt":"2020-06-08T22:00:44","guid":{"rendered":"https:\/\/www.pmp.co.at\/pmp\/?page_id=3412"},"modified":"2020-06-10T14:31:40","modified_gmt":"2020-06-10T12:31:40","slug":"jobs-karriere","status":"publish","type":"page","link":"https:\/\/www.pmp.co.at\/pmp\/ueber-pmp\/jobs-karriere\/","title":{"rendered":"Jobs &#038; Karriere"},"content":{"rendered":"<div data-colibri-id=\"3412-c1\" class=\"style-1629 style-local-3412-c1 position-relative\">\n  <!---->\n  <div data-colibri-component=\"section\" data-colibri-id=\"3412-c2\" id=\"reusable-sections\" class=\"h-section h-section-global-spacing d-flex align-items-lg-center align-items-md-center align-items-center style-1634 style-local-3412-c2 position-relative\">\n    <!---->\n    <!---->\n    <div class=\"h-section-grid-container h-section-boxed-container\">\n      <!---->\n      <div data-colibri-id=\"3412-c3\" class=\"h-row-container gutters-row-lg-2 gutters-row-md-2 gutters-row-0 gutters-row-v-lg-2 gutters-row-v-md-2 gutters-row-v-2 style-1635 style-local-3412-c3 position-relative\">\n        <!---->\n        <div class=\"h-row justify-content-lg-center justify-content-md-center justify-content-center align-items-lg-stretch align-items-md-stretch align-items-stretch gutters-col-lg-2 gutters-col-md-2 gutters-col-0 gutters-col-v-lg-2 gutters-col-v-md-2 gutters-col-v-2\">\n          <!---->\n          <div class=\"h-column h-column-container d-flex h-col-lg-auto h-col-md-auto h-col-auto style-1636-outer style-local-3412-c4-outer\">\n            <div data-colibri-id=\"3412-c4\" class=\"d-flex h-flex-basis h-column__inner h-px-lg-2 h-px-md-2 h-px-2 v-inner-lg-2 v-inner-md-2 v-inner-2 style-1636 style-local-3412-c4 position-relative\">\n              <!---->\n              <!---->\n              <div class=\"w-100 h-y-container h-column__content h-column__v-align flex-basis-100 align-self-lg-start align-self-md-start align-self-start\">\n                <!---->\n                <div data-colibri-id=\"3412-c5\" class=\"h-global-transition-all h-heading style-1637 style-local-3412-c5 position-relative h-element\">\n                  <!---->\n                  <div class=\"h-heading__outer style-1637 style-local-3412-c5\">\n                    <!---->\n                    <!---->\n                    <h2 class=\"\">Kluge K\u00f6pfe <em style=\"font-family: Playfair Display; color: rgb(247, 144, 7);\">gesucht<\/em><\/h2>\n                  <\/div>\n                <\/div>\n                <div data-colibri-id=\"3412-c6\" class=\"h-global-transition-all h-heading style-1641 style-local-3412-c6 position-relative h-element\">\n                  <!---->\n                  <div class=\"h-heading__outer style-1641 style-local-3412-c6\">\n                    <!---->\n                    <!---->\n                    <h3 class=\"\">Entdecken Sie Ihre neue Aufgabe<\/h3>\n                  <\/div>\n                <\/div>\n                <div data-colibri-id=\"3412-c7\" class=\"h-lead h-text h-text-component style-1638 style-local-3412-c7 position-relative h-element\">\n                  <!---->\n                  <!---->\n                  <div class=\"\">\n                    <p>Wir unterst\u00fctzen gerne, damit die richtigen Leute und die passenden Aufgaben zusammenkommen k\u00f6nnen.<\/p>\n                    <p>Unsere Kunden und Partner bieten interessante Aufgaben und attraktive Arbeitspl\u00e4tze. Hier zum Beispiel einige aktuelle Stellenangebote:\n                      <br>\n                      <br>Rufen Sie uns doch einfach an!\n                      <br>Personal.Management Dr. Robert P\u00fcrstinger 0662\/441866<\/p>\n                  <\/div>\n                <\/div>\n              <\/div>\n            <\/div>\n          <\/div>\n          <div class=\"h-column h-column-container d-flex h-col-lg-auto h-col-md-auto h-col-auto style-1639-outer style-local-3412-c8-outer\">\n            <div data-colibri-id=\"3412-c8\" class=\"d-flex h-flex-basis h-column__inner h-px-lg-2 h-px-md-2 h-px-2 v-inner-lg-2 v-inner-md-2 v-inner-2 style-1639 style-local-3412-c8 position-relative\">\n              <!---->\n              <!---->\n              <div class=\"w-100 h-y-container h-column__content h-column__v-align flex-basis-100 align-self-lg-start align-self-md-start align-self-start\">\n                <!---->\n                <div data-colibri-id=\"3412-c9\" class=\"d-block style-1640 style-local-3412-c9 position-relative h-element\">\n                  <!---->\n                  <div class=\"h-image__frame-container-outer\">\n                    <div class=\"h-image__frame-container\">\n                      <!---->\n                      <!---->\n                      <img loading=\"lazy\" decoding=\"async\" width=\"350\" height=\"350\" src=\"https:\/\/www.pmp.co.at\/pmp\/wp-content\/uploads\/cropped-cropped-clever-head-e1585588794273.png\" class=\"wp-image-14224 style-1640-image style-local-3412-c9-image\" alt=\"\" srcset=\"https:\/\/www.pmp.co.at\/pmp\/wp-content\/uploads\/cropped-cropped-clever-head-e1585588794273.png 350w, https:\/\/www.pmp.co.at\/pmp\/wp-content\/uploads\/cropped-cropped-clever-head-e1585588794273-300x300.png 300w, https:\/\/www.pmp.co.at\/pmp\/wp-content\/uploads\/cropped-cropped-clever-head-e1585588794273-150x150.png 150w\" sizes=\"(max-width: 350px) 100vw, 350px\" \/>\n                      <div class=\"h-image__frame h-hide-lg h-hide-md h-hide-sm style-1640-frameImage style-local-3412-c9-frameImage\"><\/div>\n                    <\/div>\n                  <\/div>\n                <\/div>\n              <\/div>\n            <\/div>\n          <\/div>\n        <\/div>\n      <\/div>\n    <\/div>\n  <\/div>\n  <div data-colibri-component=\"section\" data-colibri-id=\"3412-c10\" id=\"features-3\" class=\"h-section h-section-global-spacing d-flex align-items-lg-center align-items-md-center align-items-center style-1668 style-local-3412-c10 position-relative\">\n    <!---->\n    <!---->\n    <div class=\"h-section-grid-container h-section-boxed-container\">\n      <!---->\n      <div data-colibri-id=\"3412-c14\" class=\"h-row-container gutters-row-lg-2 gutters-row-md-2 gutters-row-0 gutters-row-v-lg-2 gutters-row-v-md-2 gutters-row-v-2 style-1669 style-local-3412-c14 position-relative\">\n        <!---->\n        <div class=\"h-row justify-content-lg-center justify-content-md-center justify-content-center align-items-lg-stretch align-items-md-stretch align-items-stretch gutters-col-lg-2 gutters-col-md-2 gutters-col-0 gutters-col-v-lg-2 gutters-col-v-md-2 gutters-col-v-2\">\n          <!---->\n          <div class=\"h-column h-column-container d-flex h-col-lg-auto h-col-md-auto h-col-auto style-1670-outer style-local-3412-c15-outer\">\n            <div data-colibri-id=\"3412-c15\" class=\"d-flex h-flex-basis h-column__inner h-px-lg-2 h-px-md-2 h-px-2 v-inner-lg-2 v-inner-md-2 v-inner-2 style-1670 style-local-3412-c15 position-relative\">\n              <!---->\n              <!---->\n              <div class=\"w-100 h-y-container h-column__content h-column__v-align flex-basis-100 align-self-lg-center align-self-md-center align-self-center\">\n                <!---->\n                <div data-colibri-id=\"3412-c16\" class=\"d-block style-1671 style-local-3412-c16 position-relative h-element\">\n                  <!---->\n                  <div class=\"h-image__frame-container-outer\">\n                    <div class=\"h-image__frame-container\">\n                      <!---->\n                      <!---->\n                      <img loading=\"lazy\" decoding=\"async\" width=\"400\" height=\"400\" src=\"https:\/\/www.pmp.co.at\/pmp\/wp-content\/uploads\/cropped-cropped-colibri-image-206.png\" class=\"wp-image-19423 style-1671-image style-local-3412-c16-image\" alt=\"\" srcset=\"https:\/\/www.pmp.co.at\/pmp\/wp-content\/uploads\/cropped-cropped-colibri-image-206.png 400w, https:\/\/www.pmp.co.at\/pmp\/wp-content\/uploads\/cropped-cropped-colibri-image-206-300x300.png 300w, https:\/\/www.pmp.co.at\/pmp\/wp-content\/uploads\/cropped-cropped-colibri-image-206-150x150.png 150w\" sizes=\"(max-width: 400px) 100vw, 400px\" \/>\n                      <div class=\"h-image__frame h-hide-sm style-1671-frameImage style-local-3412-c16-frameImage\"><\/div>\n                    <\/div>\n                  <\/div>\n                <\/div>\n              <\/div>\n            <\/div>\n          <\/div>\n          <div class=\"h-column h-column-container d-flex h-col-lg-auto h-col-md-auto h-col-auto style-1672-outer style-local-3412-c17-outer\">\n            <div data-colibri-id=\"3412-c17\" class=\"d-flex h-flex-basis h-column__inner h-px-lg-0 h-px-md-0 h-px-0 v-inner-lg-0 v-inner-md-0 v-inner-0 style-1672 style-local-3412-c17 position-relative\">\n              <!---->\n              <!---->\n              <div class=\"w-100 h-y-container h-column__content h-column__v-align flex-basis-100 align-self-lg-center align-self-md-center align-self-center\">\n                <!---->\n                <div data-colibri-id=\"3412-c18\" class=\"h-row-container gutters-row-lg-2 gutters-row-md-0 gutters-row-2 gutters-row-v-lg-2 gutters-row-v-md-0 gutters-row-v-2 style-1673 style-local-3412-c18 position-relative\">\n                  <!---->\n                  <div class=\"h-row justify-content-lg-center justify-content-md-center justify-content-center align-items-lg-stretch align-items-md-stretch align-items-stretch gutters-col-lg-2 gutters-col-md-0 gutters-col-2 gutters-col-v-lg-2 gutters-col-v-md-0 gutters-col-v-2\">\n                    <!---->\n                    <div class=\"h-column h-column-container d-flex h-col-lg-12 h-col-md-12 h-col-12 style-1674-outer style-local-3412-c19-outer\">\n                      <div data-colibri-id=\"3412-c19\" class=\"d-flex h-flex-basis h-column__inner h-px-lg-0 h-px-md-2 h-px-2 v-inner-lg-0 v-inner-md-2 v-inner-2 style-1674 style-local-3412-c19 position-relative\">\n                        <!---->\n                        <!---->\n                        <div class=\"w-100 h-y-container h-column__content h-column__v-align flex-basis-100 align-self-lg-start align-self-md-start align-self-start\">\n                          <!---->\n                          <div data-colibri-id=\"3412-c20\" class=\"h-icon style-1675 style-local-3412-c20 position-relative h-element\">\n                            <!----><span class=\"h-svg-icon h-icon__icon style-1675-icon style-local-3412-c20-icon\"><!--Icon by Icons8 Line Awesome (https:\/\/icons8.com\/line-awesome)--><svg version=\"1.1\" xmlns=\"http:\/\/www.w3.org\/2000\/svg\" xmlns:xlink=\"http:\/\/www.w3.org\/1999\/xlink\" id=\"bar-chart\" viewBox=\"0 0 512 545.5\"><path d=\"M336 96h128v384H336V96zm32 32v320h64V128h-64zM48 192h128v288H48V192zm32 32v224h64V224H80zm112 64h128v192H192V288zm32 32v128h64V320h-64z\"><\/path><\/svg><\/span><\/div>\n                          <div\n                            data-colibri-id=\"3412-c21\" class=\"h-global-transition-all h-heading style-1680 style-local-3412-c21 position-relative h-element\">\n                            <!---->\n                            <div class=\"h-heading__outer style-1680 style-local-3412-c21\">\n                              <!---->\n                              <!---->\n                              <h3 class=\"\">Aktuell sind keine Stellen ausgeschrieben.<\/h3>\n                            <\/div>\n                        <\/div>\n                      <\/div>\n                    <\/div>\n                  <\/div>\n                <\/div>\n              <\/div>\n            <\/div>\n          <\/div>\n        <\/div>\n      <\/div>\n    <\/div>\n  <\/div>\n<\/div>\n<\/div>","protected":false},"excerpt":{"rendered":"<p>Kluge K\u00f6pfe gesucht Entdecken Sie Ihre neue Aufgabe Wir unterst\u00fctzen gerne, damit die richtigen Leute und die passenden Aufgaben zusammenkommen k\u00f6nnen. Unsere Kunden und Partner bieten interessante Aufgaben und attraktive Arbeitspl\u00e4tze. Hier zum Beispiel einige aktuelle Stellenangebote: Rufen Sie uns doch einfach an! Personal.Management Dr. Robert P\u00fcrstinger 0662\/441866 Aktuell sind keine Stellen ausgeschrieben.<\/p>\n","protected":false},"author":3,"featured_media":0,"parent":2359,"menu_order":95,"comment_status":"closed","ping_status":"closed","template":"page-templates\/full-width-page.php","meta":{"_coblocks_attr":"","_coblocks_dimensions":"","_coblocks_responsive_height":"","_coblocks_accordion_ie_support":"","footnotes":""},"_links":{"self":[{"href":"https:\/\/www.pmp.co.at\/pmp\/wp-json\/wp\/v2\/pages\/3412"}],"collection":[{"href":"https:\/\/www.pmp.co.at\/pmp\/wp-json\/wp\/v2\/pages"}],"about":[{"href":"https:\/\/www.pmp.co.at\/pmp\/wp-json\/wp\/v2\/types\/page"}],"author":[{"embeddable":true,"href":"https:\/\/www.pmp.co.at\/pmp\/wp-json\/wp\/v2\/users\/3"}],"replies":[{"embeddable":true,"href":"https:\/\/www.pmp.co.at\/pmp\/wp-json\/wp\/v2\/comments?post=3412"}],"version-history":[{"count":0,"href":"https:\/\/www.pmp.co.at\/pmp\/wp-json\/wp\/v2\/pages\/3412\/revisions"}],"up":[{"embeddable":true,"href":"https:\/\/www.pmp.co.at\/pmp\/wp-json\/wp\/v2\/pages\/2359"}],"wp:attachment":[{"href":"https:\/\/www.pmp.co.at\/pmp\/wp-json\/wp\/v2\/media?parent=3412"}],"curies":[{"name":"wp","href":"https:\/\/api.w.org\/{rel}","templated":true}]}}